{"id":379,"date":"2024-04-11T05:09:56","date_gmt":"2024-04-11T05:09:56","guid":{"rendered":"https:\/\/lcv.contact.nc\/?page_id=379"},"modified":"2025-04-22T04:13:26","modified_gmt":"2025-04-22T04:13:26","slug":"actualites","status":"publish","type":"page","link":"https:\/\/lcv.contact.nc\/?page_id=379","title":{"rendered":"Actualit\u00e9s"},"content":{"rendered":"\t\t<div data-elementor-type=\"wp-page\" data-elementor-id=\"379\" class=\"elementor elementor-379\" data-elementor-post-type=\"page\">\n\t\t\t\t<div class=\"elementor-element elementor-element-cc7244a e-flex e-con-boxed e-con e-parent\" data-id=\"cc7244a\" data-element_type=\"container\" data-settings=\"{&quot;background_background&quot;:&quot;classic&quot;}\">\n\t\t\t\t\t<div class=\"e-con-inner\">\n\t\t\t\t\t<\/div>\n\t\t\t\t<\/div>\n\t\t<div class=\"elementor-element elementor-element-22827d4 e-flex e-con-boxed e-con e-parent\" data-id=\"22827d4\" data-element_type=\"container\">\n\t\t\t\t\t<div class=\"e-con-inner\">\n\t\t\t\t<div class=\"elementor-element elementor-element-38c9c2f elementor-widget elementor-widget-heading\" data-id=\"38c9c2f\" data-element_type=\"widget\" data-widget_type=\"heading.default\">\n\t\t\t\t<div class=\"elementor-widget-container\">\n\t\t\t\t\t<h2 class=\"elementor-heading-title elementor-size-default\">actualit\u00e9s<\/h2>\t\t\t\t<\/div>\n\t\t\t\t<\/div>\n\t\t\t\t<div class=\"elementor-element elementor-element-d173627 elementor-posts--align-left elementor-grid-3 elementor-grid-tablet-2 elementor-grid-mobile-1 elementor-posts--thumbnail-top elementor-posts__hover-gradient load-more-align-center elementor-widget elementor-widget-posts\" data-id=\"d173627\" data-element_type=\"widget\" data-settings=\"{&quot;pagination_type&quot;:&quot;load_more_on_click&quot;,&quot;cards_row_gap&quot;:{&quot;unit&quot;:&quot;px&quot;,&quot;size&quot;:60,&quot;sizes&quot;:[]},&quot;cards_columns&quot;:&quot;3&quot;,&quot;cards_columns_tablet&quot;:&quot;2&quot;,&quot;cards_columns_mobile&quot;:&quot;1&quot;,&quot;cards_row_gap_tablet&quot;:{&quot;unit&quot;:&quot;px&quot;,&quot;size&quot;:&quot;&quot;,&quot;sizes&quot;:[]},&quot;cards_row_gap_mobile&quot;:{&quot;unit&quot;:&quot;px&quot;,&quot;size&quot;:&quot;&quot;,&quot;sizes&quot;:[]},&quot;load_more_spinner&quot;:{&quot;value&quot;:&quot;fas fa-spinner&quot;,&quot;library&quot;:&quot;fa-solid&quot;}}\" data-widget_type=\"posts.cards\">\n\t\t\t\t<div class=\"elementor-widget-container\">\n\t\t\t\t\t\t\t<div class=\"elementor-posts-container elementor-posts elementor-posts--skin-cards elementor-grid\" role=\"list\">\n\t\t\t\t<article class=\"elementor-post elementor-grid-item post-1344 post type-post status-publish format-standard has-post-thumbnail hentry category-uncategorized\" role=\"listitem\">\n\t\t\t<div class=\"elementor-post__card\">\n\t\t\t\t<a class=\"elementor-post__thumbnail__link\" href=\"https:\/\/lcv.contact.nc\/?p=1344\" tabindex=\"-1\" ><div class=\"elementor-post__thumbnail\"><img fetchpriority=\"high\" decoding=\"async\" width=\"1080\" height=\"1080\" src=\"https:\/\/lcv.contact.nc\/wp-content\/uploads\/2024\/04\/432671427_930034392431490_7518506674822217702_n.jpg\" class=\"attachment-full size-full wp-image-173\" alt=\"LCV\" srcset=\"https:\/\/lcv.contact.nc\/wp-content\/uploads\/2024\/04\/432671427_930034392431490_7518506674822217702_n.jpg 1080w, https:\/\/lcv.contact.nc\/wp-content\/uploads\/2024\/04\/432671427_930034392431490_7518506674822217702_n-300x300.jpg 300w, https:\/\/lcv.contact.nc\/wp-content\/uploads\/2024\/04\/432671427_930034392431490_7518506674822217702_n-1024x1024.jpg 1024w, https:\/\/lcv.contact.nc\/wp-content\/uploads\/2024\/04\/432671427_930034392431490_7518506674822217702_n-150x150.jpg 150w, https:\/\/lcv.contact.nc\/wp-content\/uploads\/2024\/04\/432671427_930034392431490_7518506674822217702_n-768x768.jpg 768w\" sizes=\"(max-width: 1080px) 100vw, 1080px\" \/><\/div><\/a>\n\t\t\t\t<div class=\"elementor-post__text\">\n\t\t\t\t<h3 class=\"elementor-post__title\">\n\t\t\t<a href=\"https:\/\/lcv.contact.nc\/?p=1344\" >\n\t\t\t\tL\u2019athl\u00e8te du mois de F\u00e9vrier est Nicolas Goyard\t\t\t<\/a>\n\t\t<\/h3>\n\t\t\t\t<div class=\"elementor-post__excerpt\">\n\t\t\t<p>Champion du Monde 2021 , vainqueur du Test Event 2023 et champion d&rsquo;Europe 2021 et 2022, Nicolas Goyard est s\u00e9lectionn\u00e9 dans la cat\u00e9gorie Windsurf (IQFOiL) Homme aux Jeux Olympiques de Paris 2024. Il succ\u00e9de ainsi \u00e0 son fr\u00e8re M\u00e9daille d&rsquo;Argent<\/p>\n\t\t<\/div>\n\t\t\n\t\t<a class=\"elementor-post__read-more\" href=\"https:\/\/lcv.contact.nc\/?p=1344\" aria-label=\"En savoir plus sur L\u2019athl\u00e8te du mois de F\u00e9vrier est Nicolas Goyard\" tabindex=\"-1\" >\n\t\t\tLire la suite\t\t<\/a>\n\n\t\t\t\t<\/div>\n\t\t\t\t\t<\/div>\n\t\t<\/article>\n\t\t\t\t<article class=\"elementor-post elementor-grid-item post-1256 post type-post status-publish format-standard has-post-thumbnail hentry category-uncategorized\" role=\"listitem\">\n\t\t\t<div class=\"elementor-post__card\">\n\t\t\t\t<a class=\"elementor-post__thumbnail__link\" href=\"https:\/\/lcv.contact.nc\/?p=1256\" tabindex=\"-1\" ><div class=\"elementor-post__thumbnail\"><img decoding=\"async\" width=\"1000\" height=\"500\" src=\"https:\/\/lcv.contact.nc\/wp-content\/uploads\/2024\/08\/20240802181514-63888512.jpg\" class=\"attachment-full size-full wp-image-1349\" alt=\"jo\" srcset=\"https:\/\/lcv.contact.nc\/wp-content\/uploads\/2024\/08\/20240802181514-63888512.jpg 1000w, https:\/\/lcv.contact.nc\/wp-content\/uploads\/2024\/08\/20240802181514-63888512-300x150.jpg 300w, https:\/\/lcv.contact.nc\/wp-content\/uploads\/2024\/08\/20240802181514-63888512-768x384.jpg 768w\" sizes=\"(max-width: 1000px) 100vw, 1000px\" \/><\/div><\/a>\n\t\t\t\t<div class=\"elementor-post__text\">\n\t\t\t\t<h3 class=\"elementor-post__title\">\n\t\t\t<a href=\"https:\/\/lcv.contact.nc\/?p=1256\" >\n\t\t\t\tLes JO 2024 ont tenu leurs promesses !\t\t\t<\/a>\n\t\t<\/h3>\n\t\t\t\t<div class=\"elementor-post__excerpt\">\n\t\t\t<p>\u00c0 un moment, les larmes ont fini par couler. Sur les joues de Sarah Steyaert, ce n\u2019est pas tr\u00e8s difficile, grande \u00e9motive qu\u2019elle est. Chez la lionne Charline Picon, machine \u00e0 comp\u00e9tition, c\u2019est diff\u00e9rent. Pas cette fois, quand lui a<\/p>\n\t\t<\/div>\n\t\t\n\t\t<a class=\"elementor-post__read-more\" href=\"https:\/\/lcv.contact.nc\/?p=1256\" aria-label=\"En savoir plus sur Les JO 2024 ont tenu leurs promesses !\" tabindex=\"-1\" >\n\t\t\tLire la suite\t\t<\/a>\n\n\t\t\t\t<\/div>\n\t\t\t\t\t<\/div>\n\t\t<\/article>\n\t\t\t\t<\/div>\n\t\t\t\t\t<span class=\"e-load-more-spinner\">\n\t\t\t\t<svg aria-hidden=\"true\" class=\"e-font-icon-svg e-fas-spinner\" viewBox=\"0 0 512 512\" xmlns=\"http:\/\/www.w3.org\/2000\/svg\"><path d=\"M304 48c0 26.51-21.49 48-48 48s-48-21.49-48-48 21.49-48 48-48 48 21.49 48 48zm-48 368c-26.51 0-48 21.49-48 48s21.49 48 48 48 48-21.49 48-48-21.49-48-48-48zm208-208c-26.51 0-48 21.49-48 48s21.49 48 48 48 48-21.49 48-48-21.49-48-48-48zM96 256c0-26.51-21.49-48-48-48S0 229.49 0 256s21.49 48 48 48 48-21.49 48-48zm12.922 99.078c-26.51 0-48 21.49-48 48s21.49 48 48 48 48-21.49 48-48c0-26.509-21.491-48-48-48zm294.156 0c-26.51 0-48 21.49-48 48s21.49 48 48 48 48-21.49 48-48c0-26.509-21.49-48-48-48zM108.922 60.922c-26.51 0-48 21.49-48 48s21.49 48 48 48 48-21.49 48-48-21.491-48-48-48z\"><\/path><\/svg>\t\t\t<\/span>\n\t\t\n\t\t\t\t\t\t<\/div>\n\t\t\t\t<\/div>\n\t\t\t\t\t<\/div>\n\t\t\t\t<\/div>\n\t\t\t\t<\/div>\n\t\t","protected":false},"excerpt":{"rendered":"<p>actualit\u00e9s<\/p>\n","protected":false},"author":1,"featured_media":0,"parent":0,"menu_order":0,"comment_status":"closed","ping_status":"closed","template":"","meta":{"footnotes":""},"class_list":["post-379","page","type-page","status-publish","hentry"],"_links":{"self":[{"href":"https:\/\/lcv.contact.nc\/index.php?rest_route=\/wp\/v2\/pages\/379","targetHints":{"allow":["GET"]}}],"collection":[{"href":"https:\/\/lcv.contact.nc\/index.php?rest_route=\/wp\/v2\/pages"}],"about":[{"href":"https:\/\/lcv.contact.nc\/index.php?rest_route=\/wp\/v2\/types\/page"}],"author":[{"embeddable":true,"href":"https:\/\/lcv.contact.nc\/index.php?rest_route=\/wp\/v2\/users\/1"}],"replies":[{"embeddable":true,"href":"https:\/\/lcv.contact.nc\/index.php?rest_route=%2Fwp%2Fv2%2Fcomments&post=379"}],"version-history":[{"count":82,"href":"https:\/\/lcv.contact.nc\/index.php?rest_route=\/wp\/v2\/pages\/379\/revisions"}],"predecessor-version":[{"id":1600,"href":"https:\/\/lcv.contact.nc\/index.php?rest_route=\/wp\/v2\/pages\/379\/revisions\/1600"}],"wp:attachment":[{"href":"https:\/\/lcv.contact.nc\/index.php?rest_route=%2Fwp%2Fv2%2Fmedia&parent=379"}],"curies":[{"name":"wp","href":"https:\/\/api.w.org\/{rel}","templated":true}]}}